{"id":552,"date":"2016-08-23T01:01:45","date_gmt":"2016-08-23T00:01:45","guid":{"rendered":"http:\/\/www.blackeagletattoo.nl\/?page_id=552"},"modified":"2016-08-23T01:06:06","modified_gmt":"2016-08-23T00:06:06","slug":"tattoo-pflege","status":"publish","type":"page","link":"https:\/\/www.blackeagletattoo.nl\/?page_id=552","title":{"rendered":"Nazorg Duits"},"content":{"rendered":"<p>Tattoo pflege<\/p>\n<p>Verwenden Sie nur Ringelblumensalbe oder Bepanthen.<\/p>\n<p>Die Plastik Folie, das das Tattoo bedeckt sorgt daf\u00fcr, dass Ihre Haut sich entspannt.<\/p>\n<p>Folgen sie die unteren pflege Anweisung genau auf,<\/p>\n<ol>\n<li>Nach minimal 3 Stunden darf mandie Folie entfernen. Waschen Sie Ihre T\u00e4towierung vorsichtig saubermit antibacteiologiche seife, mit lauwarmem WasserOhne Waschlappen\/Schwamm.<\/li>\n<li>Die ersten 14 Tage darf man nicht l\u00e4nger als f\u00fcnf Minuten unter der Dusche!\u00a0Dies um das Einweichen der Kruste zu verhindern.Tut man dies doch? Werden Dicke neue Krusten entstehen, was in wei\u00dfen Flecken resultiert. \u00a0Das Tattoo wird dann weniger sch\u00f6naussehen.<\/li>\n<li>Duschen mit zu warmes Wasser! (nur lau warm) Da ist Ihre Haut zu empfindlich f\u00fcr, Ihre Haut wird verbrennen.<\/li>\n<li>Nach dem waschen Ihr Tattoo sanft abtrocken, verwenden sie immer ein sauberes Handtuch.<\/li>\n<li>Das Tattoo \/ Haut nach dem Duschen 2 Stunden trocknen lassen,\u00a0 Reiben Sie eine d\u00fcnne Schicht Salbe auf Ihr Tattoo.<\/li>\n<\/ol>\n<p>Pflege<\/p>\n<p>Es gibt zwei M\u00f6glichkeiten f\u00fcr die Pflege Ihrer T\u00e4towierung.<\/p>\n<p>Option 1 ohne Folie,<\/p>\n<ul>\n<li>Reiben Sie Ihre Tattoo jeden Morgen d\u00fcnn und vorsichtig ein.Wiederholen Sie diesen jedes Mal wen die Haut trocken anf\u00fchlt.Reiben Sie vor dem Schlafengehen eine d\u00fcnne Schicht auf Ihr Tattoo.Keine Folie auf Ihrem Tattoo. Dies um Ersticken zu verhindern.\u00a0Tun Sie dies f\u00fcnf bis sieben Tage, bis alle Bl\u00e4tter \/ Schorf weg sind.<\/li>\n<\/ul>\n<p>Option 2 mit Folie:<\/p>\n<p>Wen man schmutzige oder staubige Arbeit hat.<\/p>\n<ul>\n<li>Reiben Sie Ihre Tattoo jeden Morgen dick aber! angemessen und vorsichtig ein.Bedecken Sie mit steriler Gaze oder Plastikfolie.Reiben Sie vor dem Schlafengehen eine d\u00fcnne Schicht auf Ihr Tattoo.\u00a0\u00a0Nachts keine Folie auf Ihrem Tattoo. Dies um Ersticken zu verhindern.\u00a0Tun Sie dies f\u00fcnf bis sieben Tage, bis alle Bl\u00e4tter \/ Schorf weg sind.<\/li>\n<\/ul>\n<ol start=\"7\">\n<li>Wenn Sie aus Versehen dicken Krusten bekommen? Gehen Sie folgenderma\u00dfen vor:Kommen Sie einfach rein, um das Tattoo zu betrachtet und ein L\u00f6sung zu finden.<\/li>\n<\/ol>\n","protected":false},"excerpt":{"rendered":"<p>Tattoo pflege Verwenden Sie nur Ringelblumensalbe oder Bepanthen. Die Plastik Folie, das das Tattoo bedeckt sorgt daf\u00fcr, dass Ihre Haut sich entspannt. Folgen sie die unteren pflege Anweisung genau auf, Nach minimal 3 Stunden darf mandie Folie entfernen. Waschen Sie &hellip; <a href=\"https:\/\/www.blackeagletattoo.nl\/?page_id=552\">Continue reading <span class=\"meta-nav\">&rarr;<\/span><\/a><\/p>\n","protected":false},"author":2,"featured_media":0,"parent":0,"menu_order":0,"comment_status":"closed","ping_status":"closed","template":"","meta":{"ngg_post_thumbnail":0,"footnotes":""},"class_list":["post-552","page","type-page","status-publish","hentry"],"_links":{"self":[{"href":"https:\/\/www.blackeagletattoo.nl\/index.php?rest_route=\/wp\/v2\/pages\/552"}],"collection":[{"href":"https:\/\/www.blackeagletattoo.nl\/index.php?rest_route=\/wp\/v2\/pages"}],"about":[{"href":"https:\/\/www.blackeagletattoo.nl\/index.php?rest_route=\/wp\/v2\/types\/page"}],"author":[{"embeddable":true,"href":"https:\/\/www.blackeagletattoo.nl\/index.php?rest_route=\/wp\/v2\/users\/2"}],"replies":[{"embeddable":true,"href":"https:\/\/www.blackeagletattoo.nl\/index.php?rest_route=%2Fwp%2Fv2%2Fcomments&post=552"}],"version-history":[{"count":3,"href":"https:\/\/www.blackeagletattoo.nl\/index.php?rest_route=\/wp\/v2\/pages\/552\/revisions"}],"predecessor-version":[{"id":556,"href":"https:\/\/www.blackeagletattoo.nl\/index.php?rest_route=\/wp\/v2\/pages\/552\/revisions\/556"}],"wp:attachment":[{"href":"https:\/\/www.blackeagletattoo.nl\/index.php?rest_route=%2Fwp%2Fv2%2Fmedia&parent=552"}],"curies":[{"name":"wp","href":"https:\/\/api.w.org\/{rel}","templated":true}]}}